{"id":99,"date":"2020-01-08T21:46:44","date_gmt":"2020-01-08T21:46:44","guid":{"rendered":"http:\/\/gfmvb.com\/?page_id=99"},"modified":"2020-01-13T20:22:48","modified_gmt":"2020-01-13T20:22:48","slug":"executive-committee","status":"publish","type":"page","link":"https:\/\/gfmvb.com\/?page_id=99","title":{"rendered":"Executive Committee:"},"content":{"rendered":"\n<p class=\"has-large-font-size\"><strong>Executive Committee:<\/strong><\/p>\n\n\n\n<p class=\"has-text-align-left has-medium-font-size\">President:&nbsp;Prof. Dr. rer. physiol. Thomas Korff<br>Dept. of Physiology and Pathophysiology, University of Heidelberg<br>Im Neuenheimer Feld 326<br>69120 Heidelberg, Germany<\/p>\n\n\n\n<p class=\"has-text-align-left has-medium-font-size\">Vice-President: Prof. Dr. Ferdinand le Noble (Karlsruhe)<br>Treasurer: Prof. Dr. med. Cor de Wit (L\u00fcbeck)<br>General Secretary:&nbsp;Prof. Dr. rer. nat. habil. Henning Morawietz (Dresden)<\/p>\n\n\n\n<p class=\"has-text-align-left\">Member: Prof. Dr. med. Ralf Brandes (Frankfurt)<br>Member: Prof. Dr. med. Florian Limbourg (Hannover)<br>Member: Prof. Dr. vet. med. Rabea Hinkel (G\u00f6ttingen)<br>Member: Prof. Dr. rer. nat. Barbara Walzog (M\u00fcnchen)<br>Member: Prof. Dr. med. Christian Kupatt (M\u00fcnchen)<br>Member: Prof. Dr. med. Markus Sperandio (M\u00fcnchen)<\/p>\n\n\n\n<p class=\"has-text-align-left has-medium-font-size\">Journal of Vascular Research editor: Prof. Dr. med. Ulrich Pohl (M\u00fcnchen)<br>Communications Officer \u2013&nbsp;Conference liaison: Prof. Dr. Ferdinand le Noble&nbsp;<\/p>\n","protected":false},"excerpt":{"rendered":"<p>Executive Committee: President:&nbsp;Prof. Dr. rer. physiol. Thomas KorffDept. of Physiology and Pathophysiology, University of HeidelbergIm Neuenheimer Feld 32669120 Heidelberg, Germany Vice-President: Prof. Dr. Ferdinand le Noble (Karlsruhe)Treasurer: Prof. Dr. med. Cor de Wit (L\u00fcbeck)General Secretary:&nbsp;Prof. Dr. rer. nat. habil. Henning Morawietz (Dresden) Member: Prof. Dr. med. Ralf Brandes (Frankfurt)Member: Prof. Dr. med. Florian Limbourg (Hannover)Member:&hellip; <br \/> <a class=\"button small blue\" href=\"https:\/\/gfmvb.com\/?page_id=99\">Read more<\/a><\/p>\n","protected":false},"author":1,"featured_media":0,"parent":0,"menu_order":0,"comment_status":"closed","ping_status":"closed","template":"page-templates\/homepage.php","meta":[],"_links":{"self":[{"href":"https:\/\/gfmvb.com\/index.php?rest_route=\/wp\/v2\/pages\/99"}],"collection":[{"href":"https:\/\/gfmvb.com\/index.php?rest_route=\/wp\/v2\/pages"}],"about":[{"href":"https:\/\/gfmvb.com\/index.php?rest_route=\/wp\/v2\/types\/page"}],"author":[{"embeddable":true,"href":"https:\/\/gfmvb.com\/index.php?rest_route=\/wp\/v2\/users\/1"}],"replies":[{"embeddable":true,"href":"https:\/\/gfmvb.com\/index.php?rest_route=%2Fwp%2Fv2%2Fcomments&post=99"}],"version-history":[{"count":3,"href":"https:\/\/gfmvb.com\/index.php?rest_route=\/wp\/v2\/pages\/99\/revisions"}],"predecessor-version":[{"id":129,"href":"https:\/\/gfmvb.com\/index.php?rest_route=\/wp\/v2\/pages\/99\/revisions\/129"}],"wp:attachment":[{"href":"https:\/\/gfmvb.com\/index.php?rest_route=%2Fwp%2Fv2%2Fmedia&parent=99"}],"curies":[{"name":"wp","href":"https:\/\/api.w.org\/{rel}","templated":true}]}}