{"id":278,"date":"2020-02-02T03:30:41","date_gmt":"2020-02-02T03:30:41","guid":{"rendered":"http:\/\/gfmvb.com\/?page_id=278"},"modified":"2020-02-02T21:18:04","modified_gmt":"2020-02-02T21:18:04","slug":"historie-2","status":"publish","type":"page","link":"https:\/\/gfmvb.com\/?page_id=278","title":{"rendered":"Historie"},"content":{"rendered":"\n<p class=\"has-large-font-size\"><strong>Historie<\/strong><\/p>\n\n\n\n<p>Die Gesellschaft f\u00fcr Mikrozirkulation und Vaskul\u00e4re Biologie e.V. wurde als &#8220;Gesellschaft f\u00fcr Mikrozirkulation e.V.&#8221; im Jahre 1975 unter Leitung von\u00a0Prof. F. Hammersen\u2020 in K\u00f6ln gegr\u00fcndet.\u00a0\u00a0Die Gesellschaft ist selbstlos t\u00e4tig und verfolgt nicht eigenwirtschaftliche, sondern ausschlie\u00dflich und unmittelbar gemeinn\u00fctzige (wissenschaftliche)\u00a0Zwecke. Zweck der Gesellschaft ist die F\u00f6rderung und Pflege aller Fragen, welche das Gebiet der Mikrozirkulation und vaskul\u00e4ren Biologie im\u00a0deutschsprachigen und im europ\u00e4ischen Raum betreffen. Spezielle Ziele sind: <\/p>\n\n\n\n<p>* F\u00f6rderung der wissenschaftlichen Forschung und des Informationsaustauschs auf dem gesamten Gebiet der Mikrozirkulation und vaskul\u00e4ren&nbsp;Biologie. <\/p>\n\n\n\n<p>* Pflege der interdisziplin\u00e4ren Zusammenarbeit, insbesondere zwischen experimenteller und theoretischer Grundlagenforschung und klinisch&nbsp;angewandter Forschung. <\/p>\n\n\n\n<p>* Zusammenarbeit mit anderen fachnahen, auch ausl\u00e4ndischen Gesellschaften. <\/p>\n\n\n\n<p>* F\u00f6rderung des wissenschaftlichen Nachwuchses entsprechend der Zielsetzung der Gesellschaft.&nbsp;&nbsp;Die erste Tagung der Gesellschaft fand 1976 in Aachen statt. Seitdem tagt die Gesellschaft regelm\u00e4\u00dfig j\u00e4hrlich, seit ca. 10 Jahren oft auch als &#8216;Joint&nbsp;Meeting&#8217; gemeinsam mit anderen Gesellschaften. Eine vollst\u00e4ndige Liste aller zur\u00fcckliegenden Tagungen kann unter <a href=\"http:\/\/gfmvb.com\/?page_id=199\">&#8220;Archiv&#8221;<\/a>&nbsp;eingesehen werden. <\/p>\n\n\n\n<p>Der Name der Gesellschaft wurde 1999 zu &#8220;Gesellschaft f\u00fcr Mikrozirkulation und Vaskul\u00e4re Biologie e.V.&#8221; erweitert, um dem wachsenden&nbsp;Forschungsinteresse auf dem Gebiet der vaskul\u00e4ren Biologie Rechnung zu tragen.<\/p>\n\n\n\n<p>Im Jahre 1998 etablierte die GfMVB den von der Firma Servier Deutschland GmbH gestifteten &#8216;Hermann-Rein-Preis f\u00fcr hervorragende Leistungen auf&nbsp;dem Gebiet der experimentellen oder klinischen Forschung in Mikrozirkulation und vaskul\u00e4rer Biologie&#8217;, der seitdem regelm\u00e4\u00dfig auf den&nbsp;Jahrestagungen verliehen wird und rasch ein hohes Renommee erworben hat. Eine Liste aller bisherigen Preistr\u00e4gerInnen ist unter &#8220;Preistr\u00e4ger&#8221;&nbsp;verf\u00fcgbar. Seit 2002 ist diese Auszeichnung mit der &#8216;Hermann-Rein-Lecture&#8217; verbunden, die der Preistr\u00e4ger w\u00e4hrend der Tagung h\u00e4lt. Die Stiftung&nbsp;beinhaltet weiterhin einen &#8216;Young Investigator Award&#8217;, dessen Preistr\u00e4ger\/in nach Vorauswahl durch ein Gutachterkomitee auf den Tagungen in einer&nbsp;speziellen Sitzung ermittelt wird.&nbsp;&nbsp;<\/p>\n\n\n\n<p>Ferner werden auf den GfMVB-Tagungen in der Regel auch ca. 3 Poster- oder Vortragspreise vergeben. Die Abstracts der Tagungen werden nach&nbsp;M\u00f6glichkeit im &#8216;Journal of Vascular Research&#8217; ver\u00f6ffentlicht. Seit 2005 ist eine neue Mitgliederstruktur f\u00fcr die Gesellschaft in Kraft. Mitglieder der&nbsp;GfMVB sind seitdem automatisch auch Mitglieder der &#8220;European Society for Microcirculation&#8221; (ESM, www.esmicrocirculation.eu).&nbsp;&nbsp;<\/p>\n\n\n\n<p><\/p>\n","protected":false},"excerpt":{"rendered":"<p>Historie Die Gesellschaft f\u00fcr Mikrozirkulation und Vaskul\u00e4re Biologie e.V. wurde als &#8220;Gesellschaft f\u00fcr Mikrozirkulation e.V.&#8221; im Jahre 1975 unter Leitung von\u00a0Prof. F. Hammersen\u2020 in K\u00f6ln gegr\u00fcndet.\u00a0\u00a0Die Gesellschaft ist selbstlos t\u00e4tig und verfolgt nicht eigenwirtschaftliche, sondern ausschlie\u00dflich und unmittelbar gemeinn\u00fctzige (wissenschaftliche)\u00a0Zwecke. Zweck der Gesellschaft ist die F\u00f6rderung und Pflege aller Fragen, welche das Gebiet der Mikrozirkulation&hellip; <br \/> <a class=\"button small blue\" href=\"https:\/\/gfmvb.com\/?page_id=278\">Read more<\/a><\/p>\n","protected":false},"author":1,"featured_media":0,"parent":0,"menu_order":0,"comment_status":"closed","ping_status":"closed","template":"page-templates\/homepage.php","meta":[],"_links":{"self":[{"href":"https:\/\/gfmvb.com\/index.php?rest_route=\/wp\/v2\/pages\/278"}],"collection":[{"href":"https:\/\/gfmvb.com\/index.php?rest_route=\/wp\/v2\/pages"}],"about":[{"href":"https:\/\/gfmvb.com\/index.php?rest_route=\/wp\/v2\/types\/page"}],"author":[{"embeddable":true,"href":"https:\/\/gfmvb.com\/index.php?rest_route=\/wp\/v2\/users\/1"}],"replies":[{"embeddable":true,"href":"https:\/\/gfmvb.com\/index.php?rest_route=%2Fwp%2Fv2%2Fcomments&post=278"}],"version-history":[{"count":4,"href":"https:\/\/gfmvb.com\/index.php?rest_route=\/wp\/v2\/pages\/278\/revisions"}],"predecessor-version":[{"id":303,"href":"https:\/\/gfmvb.com\/index.php?rest_route=\/wp\/v2\/pages\/278\/revisions\/303"}],"wp:attachment":[{"href":"https:\/\/gfmvb.com\/index.php?rest_route=%2Fwp%2Fv2%2Fmedia&parent=278"}],"curies":[{"name":"wp","href":"https:\/\/api.w.org\/{rel}","templated":true}]}}