{"id":1616,"date":"2025-02-20T19:19:01","date_gmt":"2025-02-20T19:19:01","guid":{"rendered":"https:\/\/gfmvb.com\/?page_id=1616"},"modified":"2025-02-20T19:21:57","modified_gmt":"2025-02-20T19:21:57","slug":"student-registration-2","status":"publish","type":"page","link":"https:\/\/gfmvb.com\/?page_id=1616","title":{"rendered":"Student registration"},"content":{"rendered":"\n<p class=\"has-large-font-size\"><strong>Membership<\/strong><\/p>\n\n\n\n<p>Vielen Dank f\u00fcr Ihr Interesse an der Deutsche Gesellschaft f\u00fcr Mikrozirkulation und Vaskul\u00e4re Biologie e.V. (GfMVB). Sie ist eine der \u00e4ltesten Gesellschaften, die sich der Untersuchung aller Aspekte der vaskul\u00e4ren Biologie in wissenschaftlicher und klinischer Hinsicht widmet. Ihre Mitgliedschaft in der Gesellschaft ist herzlich willkommen, da sie die Gesellschaft dabei unterst\u00fctzt, weiterhin j\u00e4hrliche Konferenzen zu organisieren, Reisestipendien f\u00fcr junge Wissenschaftler zu stiften und PhD Studenten beim Besuch von \u201aSummerschools\u2018 zu unterst\u00fctzen.&nbsp;Die j\u00e4hrlichen Kongresse unserer Gesellschaft bieten ein Sprungbrett f\u00fcr talentierte und engagierte junge Wissenschaftler, um den n\u00e4chsten Karriereschritt zu erreichen (principal investigator oder Gruppenleiter). Die Gesellschaft f\u00f6rdert den Aufbau transregionaler wissenschaftlicher Netzwerke auf lokaler, europ\u00e4ischer und weltweiter Ebene, indem sie junge und etablierte Wissenschaftler auf einer \u201afamili\u00e4ren\u2018 Ebene zusammenbringt und eine enge, pers\u00f6nliche Kommunikation erm\u00f6glicht. Die GfMVB arbeitet eng mit der European Society for Microcirculation (ESM) zusammen und die Mitgliedschaft in der GfMVB beinhaltet die Mitgliedschaft in der ESM. Dies bedeutet, dass Sie nicht nur an den Aktivit\u00e4ten der GfMVB teilhaben k\u00f6nnen, sondern auch an allen Veranstaltungen der ESM (z.B. \u201aSummerschool\u2018) teilnehmen k\u00f6nnen und beispielsweise die Teilnahme am ESM Kongress zu verg\u00fcnstigen Preisen erhalten.<\/p>\n\n\n\n<p>Die j\u00e4hrlichen Mitgliedsbeitr\u00e4ge: Full membership 50.\u2013 \u20ac, Student membership 20.\u2013 \u20ac.&nbsp;<\/p>\n\n\n\n<p>Bei Fragen \u00fcber Mitgliedsbeitrag oder SEPA Lastschrift:\u00a0<a href=\"mailto:cor.dewit@uni-luebeck.de\">cor.dewit@uni-luebeck.de<\/a><\/p>\n","protected":false},"excerpt":{"rendered":"<p>Membership Vielen Dank f\u00fcr Ihr Interesse an der Deutsche Gesellschaft f\u00fcr Mikrozirkulation und Vaskul\u00e4re Biologie e.V. (GfMVB). Sie ist eine der \u00e4ltesten Gesellschaften, die sich der Untersuchung aller Aspekte der vaskul\u00e4ren Biologie in wissenschaftlicher und klinischer Hinsicht widmet. Ihre Mitgliedschaft in der Gesellschaft ist herzlich willkommen, da sie die Gesellschaft dabei unterst\u00fctzt, weiterhin j\u00e4hrliche Konferenzen&hellip; <br \/> <a class=\"button small blue\" href=\"https:\/\/gfmvb.com\/?page_id=1616\">Read more<\/a><\/p>\n","protected":false},"author":1,"featured_media":0,"parent":0,"menu_order":0,"comment_status":"closed","ping_status":"closed","template":"page-templates\/homepage.php","meta":[],"_links":{"self":[{"href":"https:\/\/gfmvb.com\/index.php?rest_route=\/wp\/v2\/pages\/1616"}],"collection":[{"href":"https:\/\/gfmvb.com\/index.php?rest_route=\/wp\/v2\/pages"}],"about":[{"href":"https:\/\/gfmvb.com\/index.php?rest_route=\/wp\/v2\/types\/page"}],"author":[{"embeddable":true,"href":"https:\/\/gfmvb.com\/index.php?rest_route=\/wp\/v2\/users\/1"}],"replies":[{"embeddable":true,"href":"https:\/\/gfmvb.com\/index.php?rest_route=%2Fwp%2Fv2%2Fcomments&post=1616"}],"version-history":[{"count":3,"href":"https:\/\/gfmvb.com\/index.php?rest_route=\/wp\/v2\/pages\/1616\/revisions"}],"predecessor-version":[{"id":1622,"href":"https:\/\/gfmvb.com\/index.php?rest_route=\/wp\/v2\/pages\/1616\/revisions\/1622"}],"wp:attachment":[{"href":"https:\/\/gfmvb.com\/index.php?rest_route=%2Fwp%2Fv2%2Fmedia&parent=1616"}],"curies":[{"name":"wp","href":"https:\/\/api.w.org\/{rel}","templated":true}]}}